{"id":43,"date":"2024-12-25T20:04:17","date_gmt":"2024-12-25T20:04:17","guid":{"rendered":"https:\/\/donners.com\/website_d1ce0216\/?page_id=43"},"modified":"2025-06-24T19:45:08","modified_gmt":"2025-06-24T19:45:08","slug":"austria-tourism","status":"publish","type":"page","link":"https:\/\/austria-boston.com\/de\/austria-tourism\/","title":{"rendered":"Travel Resources"},"content":{"rendered":"<div class=\"wp-block-group is-vertical is-layout-flex wp-container-core-group-is-layout-2bef88f9 wp-block-group-is-layout-flex\" style=\"padding-top:var(--wp--preset--spacing--50);padding-right:var(--wp--preset--spacing--40);padding-bottom:var(--wp--preset--spacing--50);padding-left:var(--wp--preset--spacing--40)\">\n<div class=\"wp-block-group has-global-padding is-layout-constrained wp-block-group-is-layout-constrained\">\n<h1 class=\"wp-block-heading\">F\u00fcr \u00d6sterreicher, die in die USA reisen, und Auslands\u00f6sterreicher<\/h1>\n\n\n\n<p>Besuchen Sie:<\/p>\n\n\n\n<p><a href=\"https:\/\/www.bmeia.gv.at\/reise-services\/auslandsservice\/\">Auslandsservice-App und Auslandsregistrierung (f\u00fcr Touristen und Auslands\u00f6sterreicher)<\/a><\/p>\n\n\n\n<p><\/p>\n\n\n\n<h1 class=\"wp-block-heading\">Reisen nach \u00d6sterreich<\/h1>\n\n\n\n<h3 class=\"wp-block-heading\" style=\"font-size:20px\">\u00d6sterreich Werbung f\u00fcr Reiseprofis<\/h3>\n\n\n\n<p class=\"has-header-background-color has-text-color has-link-color wp-elements-90b7d3af1b9e3b71464f9d0557dd5daf translation-block\">F\u00fcr Touristikprofis in Nordamerika gibt es eine Vielzahl von Infos auf dem <a href=\"https:\/\/b2b.austria.info\/de\" target=\"_self\">B2B-Portal der \u00d6sterreich Werbung<\/a>, zum Beispiel Branchennachrichten, Kontaktdaten, und Pressemitteilungen.<\/p>\n<\/div>\n\n\n\n<div class=\"wp-block-group has-global-padding is-layout-constrained wp-block-group-is-layout-constrained\">\n<h2 class=\"wp-block-heading\" style=\"font-size:20px\">Reiseinformationen f\u00fcr Konsumenten<\/h2>\n\n\n\n<p class=\"has-header-background-color has-text-color has-link-color wp-elements-0686602133872934a9936d8182d7a88c translation-block\">Lernen Sie mehr \u00fcber Destinationen, regionale Attraktionen und saisonale Besonderheiten auf dem <a href=\"https:\/\/www.austria.info\/de-at\/\" target=\"_self\">Konsumentenportal der \u00d6sterreich Werbung<\/a>. Dort gibt es Informationen \u00fcber Aktivit\u00e4ten, Sonderangebote, Hotels, und Tourismusgemeinden.<\/p>\n<\/div>\n<\/div>\n\n\n\n<figure class=\"wp-block-video\"><video onloadstart=\"this.playbackRate = 0.5;\" muted autoplay loop src=\"https:\/\/austria-boston.com\/wp-content\/uploads\/2024\/12\/Snippet_Website_Lebensgefuehl-Winter-2024_Ski-Hut_9-16.mp4\" playsinline><\/video><\/figure>\n\n\n\n<p><\/p>","protected":false},"excerpt":{"rendered":"<p>For Austrians traveling in the US Please visit: Auslandsservice-App und Auslandsregistrierung (f\u00fcr Touristen und Auslands\u00f6sterreicher) Austria Tourism &#8211; Resources for Travel to Austria The Austria Tourist Office for Businesses Professionals from the North American travel industry can use the resources on the B2B website of the Austrian Tourist Office to find contact information, trade news [&hellip;]<\/p>\n","protected":false},"author":1,"featured_media":0,"parent":0,"menu_order":0,"comment_status":"closed","ping_status":"closed","template":"","meta":{"footnotes":""},"class_list":["post-43","page","type-page","status-publish","hentry"],"yoast_head":"<!-- This site is optimized with the Yoast SEO plugin v27.6 - https:\/\/yoast.com\/product\/yoast-seo-wordpress\/ -->\n<title>Travel Resources -<\/title>\n<meta name=\"robots\" content=\"index, follow, max-snippet:-1, max-image-preview:large, max-video-preview:-1\" \/>\n<link rel=\"canonical\" href=\"https:\/\/austria-boston.com\/de\/austria-tourism\/\" \/>\n<meta property=\"og:locale\" content=\"de_DE\" \/>\n<meta property=\"og:type\" content=\"article\" \/>\n<meta property=\"og:title\" content=\"Travel Resources -\" \/>\n<meta property=\"og:description\" content=\"For Austrians traveling in the US Please visit: Auslandsservice-App und Auslandsregistrierung (f\u00fcr Touristen und Auslands\u00f6sterreicher) Austria Tourism &#8211; Resources for Travel to Austria The Austria Tourist Office for Businesses Professionals from the North American travel industry can use the resources on the B2B website of the Austrian Tourist Office to find contact information, trade news [&hellip;]\" \/>\n<meta property=\"og:url\" content=\"https:\/\/austria-boston.com\/de\/austria-tourism\/\" \/>\n<meta property=\"article:modified_time\" content=\"2025-06-24T19:45:08+00:00\" \/>\n<meta name=\"twitter:card\" content=\"summary_large_image\" \/>\n<meta name=\"twitter:label1\" content=\"Gesch\u00e4tzte Lesezeit\" \/>\n\t<meta name=\"twitter:data1\" content=\"1 Minute\" \/>\n<script type=\"application\/ld+json\" class=\"yoast-schema-graph\">{\"@context\":\"https:\\\/\\\/schema.org\",\"@graph\":[{\"@type\":\"WebPage\",\"@id\":\"https:\\\/\\\/austria-boston.com\\\/austria-tourism\\\/\",\"url\":\"https:\\\/\\\/austria-boston.com\\\/austria-tourism\\\/\",\"name\":\"Travel Resources -\",\"isPartOf\":{\"@id\":\"https:\\\/\\\/austria-boston.com\\\/#website\"},\"datePublished\":\"2024-12-25T20:04:17+00:00\",\"dateModified\":\"2025-06-24T19:45:08+00:00\",\"breadcrumb\":{\"@id\":\"https:\\\/\\\/austria-boston.com\\\/austria-tourism\\\/#breadcrumb\"},\"inLanguage\":\"de-AT\",\"potentialAction\":[{\"@type\":\"ReadAction\",\"target\":[\"https:\\\/\\\/austria-boston.com\\\/austria-tourism\\\/\"]}]},{\"@type\":\"BreadcrumbList\",\"@id\":\"https:\\\/\\\/austria-boston.com\\\/austria-tourism\\\/#breadcrumb\",\"itemListElement\":[{\"@type\":\"ListItem\",\"position\":1,\"name\":\"Home\",\"item\":\"https:\\\/\\\/austria-boston.com\\\/\"},{\"@type\":\"ListItem\",\"position\":2,\"name\":\"Travel Resources\"}]},{\"@type\":\"WebSite\",\"@id\":\"https:\\\/\\\/austria-boston.com\\\/#website\",\"url\":\"https:\\\/\\\/austria-boston.com\\\/\",\"name\":\"\",\"description\":\"\",\"potentialAction\":[{\"@type\":\"SearchAction\",\"target\":{\"@type\":\"EntryPoint\",\"urlTemplate\":\"https:\\\/\\\/austria-boston.com\\\/?s={search_term_string}\"},\"query-input\":{\"@type\":\"PropertyValueSpecification\",\"valueRequired\":true,\"valueName\":\"search_term_string\"}}],\"inLanguage\":\"de-AT\"}]}<\/script>\n<!-- \/ Yoast SEO plugin. -->","yoast_head_json":{"title":"Travel Resources -","robots":{"index":"index","follow":"follow","max-snippet":"max-snippet:-1","max-image-preview":"max-image-preview:large","max-video-preview":"max-video-preview:-1"},"canonical":"https:\/\/austria-boston.com\/de\/austria-tourism\/","og_locale":"de_DE","og_type":"article","og_title":"Travel Resources -","og_description":"For Austrians traveling in the US Please visit: Auslandsservice-App und Auslandsregistrierung (f\u00fcr Touristen und Auslands\u00f6sterreicher) Austria Tourism &#8211; Resources for Travel to Austria The Austria Tourist Office for Businesses Professionals from the North American travel industry can use the resources on the B2B website of the Austrian Tourist Office to find contact information, trade news [&hellip;]","og_url":"https:\/\/austria-boston.com\/de\/austria-tourism\/","article_modified_time":"2025-06-24T19:45:08+00:00","twitter_card":"summary_large_image","twitter_misc":{"Gesch\u00e4tzte Lesezeit":"1 Minute"},"schema":{"@context":"https:\/\/schema.org","@graph":[{"@type":"WebPage","@id":"https:\/\/austria-boston.com\/austria-tourism\/","url":"https:\/\/austria-boston.com\/austria-tourism\/","name":"Travel Resources -","isPartOf":{"@id":"https:\/\/austria-boston.com\/#website"},"datePublished":"2024-12-25T20:04:17+00:00","dateModified":"2025-06-24T19:45:08+00:00","breadcrumb":{"@id":"https:\/\/austria-boston.com\/austria-tourism\/#breadcrumb"},"inLanguage":"de-AT","potentialAction":[{"@type":"ReadAction","target":["https:\/\/austria-boston.com\/austria-tourism\/"]}]},{"@type":"BreadcrumbList","@id":"https:\/\/austria-boston.com\/austria-tourism\/#breadcrumb","itemListElement":[{"@type":"ListItem","position":1,"name":"Home","item":"https:\/\/austria-boston.com\/"},{"@type":"ListItem","position":2,"name":"Travel Resources"}]},{"@type":"WebSite","@id":"https:\/\/austria-boston.com\/#website","url":"https:\/\/austria-boston.com\/","name":"","description":"","potentialAction":[{"@type":"SearchAction","target":{"@type":"EntryPoint","urlTemplate":"https:\/\/austria-boston.com\/?s={search_term_string}"},"query-input":{"@type":"PropertyValueSpecification","valueRequired":true,"valueName":"search_term_string"}}],"inLanguage":"de-AT"}]}},"_links":{"self":[{"href":"https:\/\/austria-boston.com\/de\/wp-json\/wp\/v2\/pages\/43","targetHints":{"allow":["GET"]}}],"collection":[{"href":"https:\/\/austria-boston.com\/de\/wp-json\/wp\/v2\/pages"}],"about":[{"href":"https:\/\/austria-boston.com\/de\/wp-json\/wp\/v2\/types\/page"}],"author":[{"embeddable":true,"href":"https:\/\/austria-boston.com\/de\/wp-json\/wp\/v2\/users\/1"}],"replies":[{"embeddable":true,"href":"https:\/\/austria-boston.com\/de\/wp-json\/wp\/v2\/comments?post=43"}],"version-history":[{"count":9,"href":"https:\/\/austria-boston.com\/de\/wp-json\/wp\/v2\/pages\/43\/revisions"}],"predecessor-version":[{"id":728,"href":"https:\/\/austria-boston.com\/de\/wp-json\/wp\/v2\/pages\/43\/revisions\/728"}],"wp:attachment":[{"href":"https:\/\/austria-boston.com\/de\/wp-json\/wp\/v2\/media?parent=43"}],"curies":[{"name":"wp","href":"https:\/\/api.w.org\/{rel}","templated":true}]}}