{"id":364,"date":"2025-02-01T06:04:52","date_gmt":"2025-02-01T06:04:52","guid":{"rendered":"https:\/\/website-d1ce0216.donners.com\/?page_id=364"},"modified":"2025-11-25T01:08:00","modified_gmt":"2025-11-25T01:08:00","slug":"about","status":"publish","type":"page","link":"https:\/\/austria-boston.com\/de\/about\/","title":{"rendered":"\u00dcber uns"},"content":{"rendered":"<p>Das Honorarkonsulat in Medfield er\u00f6ffnete 2025, nachdem Christian Donner von Botschafterin Schneebauer zum Honorarkonsul f\u00fcr Neuengland bestellt worden ist. Herr DI Donner folgt Gro\u00dfrabbiner Korff nach, der diese Funktion nach eigenen Angaben \u00fcber 30 Jahre aus\u00fcbte.<\/p>\n\n\n\n<p>Das Konsulat Boston ist eines der Honorarkonsulate im Amtsbereich des Generalkonsulates in New York. Honorarkonsuln sind ehrenamtliche Mitarbeiter, die einen geringeren Schutz als Berufsdiplomaten genie\u00dfen. Sie sind befugt, bestimmte konsularische Dienstleistungen im Auftrag des Generalkonsulates anzubieten. Dies dient sowohl dem Generalkonsulat (weil es Arbeit auslagert) und der Allgemeinheit (weil f\u00fcr diese Dienstleistungen eine Reise nach New York entfallen kann).<\/p>\n\n\n\n<p>Rechte, Pflichten, und Aufgaben von Honorarkonsuln regelt die Wiener Konvention \u00fcber Konsularische Beziehungen, insbesonders das Kapitel III. Das Dokument ist im folgenden eingebunden:<\/p>\n\n\n\n<div data-wp-interactive=\"core\/file\" class=\"wp-block-file\"><object data-wp-bind--hidden=\"!state.hasPdfPreview\" hidden class=\"wp-block-file__embed\" data=\"https:\/\/austria-boston.com\/wp-content\/uploads\/2025\/03\/Vienna-Convention-on-Consular-Relations.pdf\" type=\"application\/pdf\" style=\"width:100%;height:600px\" aria-label=\"Einbettung von Vienna Convention on Consular Relations.\"><\/object><a id=\"wp-block-file--media-5b1540ab-f5e6-4c55-a61d-9e54ea2ad00d\" href=\"https:\/\/austria-boston.com\/wp-content\/uploads\/2025\/03\/Vienna-Convention-on-Consular-Relations.pdf\">Wiener Konvention \u00fcber Konsularische Beziehungen<\/a><a href=\"https:\/\/austria-boston.com\/wp-content\/uploads\/2025\/03\/Vienna-Convention-on-Consular-Relations.pdf\" class=\"wp-block-file__button wp-element-button\" download aria-describedby=\"wp-block-file--media-5b1540ab-f5e6-4c55-a61d-9e54ea2ad00d\">Download<\/a><\/div>","protected":false},"excerpt":{"rendered":"<p>The honorary consular post in Medfield was opened in 2025 when Christian Donner was appointed Honorary Consul for New England by Ambassador Schneebauer. Mr. Donner succeeds Grand Rabbi Korff in this role who was Honorary Consul for over 30 years. The Boston Consulate is one of the honorary consular posts under the jurisdiction of the [&hellip;]<\/p>\n","protected":false},"author":2,"featured_media":0,"parent":0,"menu_order":0,"comment_status":"closed","ping_status":"closed","template":"","meta":{"footnotes":""},"class_list":["post-364","page","type-page","status-publish","hentry"],"yoast_head":"<!-- This site is optimized with the Yoast SEO plugin v27.6 - https:\/\/yoast.com\/product\/yoast-seo-wordpress\/ -->\n<title>About Us -<\/title>\n<meta name=\"robots\" content=\"index, follow, max-snippet:-1, max-image-preview:large, max-video-preview:-1\" \/>\n<link rel=\"canonical\" href=\"https:\/\/austria-boston.com\/de\/about\/\" \/>\n<meta property=\"og:locale\" content=\"de_DE\" \/>\n<meta property=\"og:type\" content=\"article\" \/>\n<meta property=\"og:title\" content=\"About Us -\" \/>\n<meta property=\"og:description\" content=\"The honorary consular post in Medfield was opened in 2025 when Christian Donner was appointed Honorary Consul for New England by Ambassador Schneebauer. Mr. Donner succeeds Grand Rabbi Korff in this role who was Honorary Consul for over 30 years. The Boston Consulate is one of the honorary consular posts under the jurisdiction of the [&hellip;]\" \/>\n<meta property=\"og:url\" content=\"https:\/\/austria-boston.com\/de\/about\/\" \/>\n<meta property=\"article:modified_time\" content=\"2025-11-25T01:08:00+00:00\" \/>\n<meta name=\"twitter:card\" content=\"summary_large_image\" \/>\n<meta name=\"twitter:label1\" content=\"Gesch\u00e4tzte Lesezeit\" \/>\n\t<meta name=\"twitter:data1\" content=\"1 Minute\" \/>\n<script type=\"application\/ld+json\" class=\"yoast-schema-graph\">{\"@context\":\"https:\\\/\\\/schema.org\",\"@graph\":[{\"@type\":\"WebPage\",\"@id\":\"https:\\\/\\\/austria-boston.com\\\/about\\\/\",\"url\":\"https:\\\/\\\/austria-boston.com\\\/about\\\/\",\"name\":\"About Us -\",\"isPartOf\":{\"@id\":\"https:\\\/\\\/austria-boston.com\\\/#website\"},\"datePublished\":\"2025-02-01T06:04:52+00:00\",\"dateModified\":\"2025-11-25T01:08:00+00:00\",\"breadcrumb\":{\"@id\":\"https:\\\/\\\/austria-boston.com\\\/about\\\/#breadcrumb\"},\"inLanguage\":\"de-AT\",\"potentialAction\":[{\"@type\":\"ReadAction\",\"target\":[\"https:\\\/\\\/austria-boston.com\\\/about\\\/\"]}]},{\"@type\":\"BreadcrumbList\",\"@id\":\"https:\\\/\\\/austria-boston.com\\\/about\\\/#breadcrumb\",\"itemListElement\":[{\"@type\":\"ListItem\",\"position\":1,\"name\":\"Home\",\"item\":\"https:\\\/\\\/austria-boston.com\\\/\"},{\"@type\":\"ListItem\",\"position\":2,\"name\":\"About Us\"}]},{\"@type\":\"WebSite\",\"@id\":\"https:\\\/\\\/austria-boston.com\\\/#website\",\"url\":\"https:\\\/\\\/austria-boston.com\\\/\",\"name\":\"\",\"description\":\"\",\"potentialAction\":[{\"@type\":\"SearchAction\",\"target\":{\"@type\":\"EntryPoint\",\"urlTemplate\":\"https:\\\/\\\/austria-boston.com\\\/?s={search_term_string}\"},\"query-input\":{\"@type\":\"PropertyValueSpecification\",\"valueRequired\":true,\"valueName\":\"search_term_string\"}}],\"inLanguage\":\"de-AT\"}]}<\/script>\n<!-- \/ Yoast SEO plugin. -->","yoast_head_json":{"title":"About Us -","robots":{"index":"index","follow":"follow","max-snippet":"max-snippet:-1","max-image-preview":"max-image-preview:large","max-video-preview":"max-video-preview:-1"},"canonical":"https:\/\/austria-boston.com\/de\/about\/","og_locale":"de_DE","og_type":"article","og_title":"About Us -","og_description":"The honorary consular post in Medfield was opened in 2025 when Christian Donner was appointed Honorary Consul for New England by Ambassador Schneebauer. Mr. Donner succeeds Grand Rabbi Korff in this role who was Honorary Consul for over 30 years. The Boston Consulate is one of the honorary consular posts under the jurisdiction of the [&hellip;]","og_url":"https:\/\/austria-boston.com\/de\/about\/","article_modified_time":"2025-11-25T01:08:00+00:00","twitter_card":"summary_large_image","twitter_misc":{"Gesch\u00e4tzte Lesezeit":"1 Minute"},"schema":{"@context":"https:\/\/schema.org","@graph":[{"@type":"WebPage","@id":"https:\/\/austria-boston.com\/about\/","url":"https:\/\/austria-boston.com\/about\/","name":"About Us -","isPartOf":{"@id":"https:\/\/austria-boston.com\/#website"},"datePublished":"2025-02-01T06:04:52+00:00","dateModified":"2025-11-25T01:08:00+00:00","breadcrumb":{"@id":"https:\/\/austria-boston.com\/about\/#breadcrumb"},"inLanguage":"de-AT","potentialAction":[{"@type":"ReadAction","target":["https:\/\/austria-boston.com\/about\/"]}]},{"@type":"BreadcrumbList","@id":"https:\/\/austria-boston.com\/about\/#breadcrumb","itemListElement":[{"@type":"ListItem","position":1,"name":"Home","item":"https:\/\/austria-boston.com\/"},{"@type":"ListItem","position":2,"name":"About Us"}]},{"@type":"WebSite","@id":"https:\/\/austria-boston.com\/#website","url":"https:\/\/austria-boston.com\/","name":"","description":"","potentialAction":[{"@type":"SearchAction","target":{"@type":"EntryPoint","urlTemplate":"https:\/\/austria-boston.com\/?s={search_term_string}"},"query-input":{"@type":"PropertyValueSpecification","valueRequired":true,"valueName":"search_term_string"}}],"inLanguage":"de-AT"}]}},"_links":{"self":[{"href":"https:\/\/austria-boston.com\/de\/wp-json\/wp\/v2\/pages\/364","targetHints":{"allow":["GET"]}}],"collection":[{"href":"https:\/\/austria-boston.com\/de\/wp-json\/wp\/v2\/pages"}],"about":[{"href":"https:\/\/austria-boston.com\/de\/wp-json\/wp\/v2\/types\/page"}],"author":[{"embeddable":true,"href":"https:\/\/austria-boston.com\/de\/wp-json\/wp\/v2\/users\/2"}],"replies":[{"embeddable":true,"href":"https:\/\/austria-boston.com\/de\/wp-json\/wp\/v2\/comments?post=364"}],"version-history":[{"count":7,"href":"https:\/\/austria-boston.com\/de\/wp-json\/wp\/v2\/pages\/364\/revisions"}],"predecessor-version":[{"id":834,"href":"https:\/\/austria-boston.com\/de\/wp-json\/wp\/v2\/pages\/364\/revisions\/834"}],"wp:attachment":[{"href":"https:\/\/austria-boston.com\/de\/wp-json\/wp\/v2\/media?parent=364"}],"curies":[{"name":"wp","href":"https:\/\/api.w.org\/{rel}","templated":true}]}}