{"id":353,"date":"2025-02-01T05:10:34","date_gmt":"2025-02-01T05:10:34","guid":{"rendered":"https:\/\/website-d1ce0216.donners.com\/?page_id=353"},"modified":"2025-02-01T05:23:46","modified_gmt":"2025-02-01T05:23:46","slug":"news","status":"publish","type":"page","link":"https:\/\/austria-boston.com\/de\/news\/","title":{"rendered":"Neues von Konsulat"},"content":{"rendered":"<ul class=\"wp-block-latest-posts__list is-grid columns-3 has-dates wp-block-latest-posts\"><li><div class=\"wp-block-latest-posts__featured-image\"><a href=\"https:\/\/austria-boston.com\/de\/etias-travel-update\/\" aria-label=\"Reisen mit ETIAS\"><img loading=\"lazy\" decoding=\"async\" width=\"150\" height=\"150\" src=\"https:\/\/austria-boston.com\/wp-content\/uploads\/2026\/01\/jumbotron_etias-150x150.png\" class=\"attachment-thumbnail size-thumbnail wp-post-image\" alt=\"ETIAS Logo\" style=\"\" \/><\/a><\/div><a class=\"wp-block-latest-posts__post-title\" href=\"https:\/\/austria-boston.com\/de\/etias-travel-update\/\">Reisen mit ETIAS<\/a><time datetime=\"2026-01-19T19:22:28+00:00\" class=\"wp-block-latest-posts__post-date\">J\u00e4nner 19, 2026<\/time><div class=\"wp-block-latest-posts__post-excerpt\">Up until now, US citizens did not have to worry about travelling to the EU with an Austrian spouse, and US-Austrian dual citizens did not have to worry about which passport to use when entering the EU. This will change with the launch of ETIAS in the fourth quarter of 2026. To apply for ETIAS\u2026\u00a0<a class=\"wp-block-latest-posts__read-more\" href=\"https:\/\/austria-boston.com\/de\/etias-travel-update\/\" rel=\"noopener noreferrer\"><span class=\"screen-reader-text\">Reisen mit ETIAS <\/span>weiterlesen<\/a><\/div><\/li>\n<li><div class=\"wp-block-latest-posts__featured-image\"><a href=\"https:\/\/austria-boston.com\/de\/worldbostons-16th-annual-consuls-reception\/\" aria-label=\"WorldBoston&#8217;s 16th Annual Consuls Reception\"><img loading=\"lazy\" decoding=\"async\" width=\"150\" height=\"150\" src=\"https:\/\/austria-boston.com\/wp-content\/uploads\/2025\/10\/PXL_20251021_210707276-150x150.jpg\" class=\"attachment-thumbnail size-thumbnail wp-post-image\" alt=\"View of the Seaport District and beyond from the Harborview Room on the 32nd floor of the Federal Reserve Bank building in Boston\" style=\"\" \/><\/a><\/div><a class=\"wp-block-latest-posts__post-title\" href=\"https:\/\/austria-boston.com\/de\/worldbostons-16th-annual-consuls-reception\/\">WorldBoston&#8217;s 16th Annual Consuls Reception<\/a><time datetime=\"2025-10-24T19:40:16+00:00\" class=\"wp-block-latest-posts__post-date\">Oktober 24, 2025<\/time><div class=\"wp-block-latest-posts__post-excerpt\">On October 21st, 2025, WorldBoston hosted the&nbsp;16th Annual Consuls Reception&nbsp;recognizing the Consular Corps serving Boston and New England and supporting the mission of WorldBoston to foster engagement in international affairs. Kendalle Burlin O&#8217;Connell,&nbsp;offered remarks. The reception was held at the beautiful Harborview Room on the 31st floor of the Federal Reserve Bank of Boston. The\u2026\u00a0<a class=\"wp-block-latest-posts__read-more\" href=\"https:\/\/austria-boston.com\/de\/worldbostons-16th-annual-consuls-reception\/\" rel=\"noopener noreferrer\"><span class=\"screen-reader-text\">WorldBoston&#8217;s 16th Annual Consuls Reception <\/span>weiterlesen<\/a><\/div><\/li>\n<li><div class=\"wp-block-latest-posts__featured-image\"><a href=\"https:\/\/austria-boston.com\/de\/open-austria-east\/\" aria-label=\"Open Austria East\"><img loading=\"lazy\" decoding=\"async\" width=\"150\" height=\"150\" src=\"https:\/\/austria-boston.com\/wp-content\/uploads\/2025\/02\/PXL_20250224_234933539-150x150.jpg\" class=\"attachment-thumbnail size-thumbnail wp-post-image\" alt=\"\" style=\"\" \/><\/a><\/div><a class=\"wp-block-latest-posts__post-title\" href=\"https:\/\/austria-boston.com\/de\/open-austria-east\/\">Open Austria East<\/a><time datetime=\"2025-02-01T05:18:17+00:00\" class=\"wp-block-latest-posts__post-date\">Feber 1, 2025<\/time><div class=\"wp-block-latest-posts__post-excerpt\">Open Austria East ist eine gemeinsame Initiative des Bundesministeriums f\u00fcr europ\u00e4ische und internationale Angelegenheiten und der Wirtschaftskammer. Die Niederlassung in Boston hilft \u00f6sterreichischen Unternehmen, Start-ups, Forschern und politischen Entscheidungstr\u00e4gern, sich mit relevanten Institutionen zu vernetzen, Finanzierungsm\u00f6glichkeiten zu erkunden und \u00fcber politische Diskussionen, die die Zukunft der Technologie pr\u00e4gen, auf dem Laufenden zu bleiben. Das B\u00fcro befindet sich in Cambridge und hat am ...\u00a0<a class=\"wp-block-latest-posts__read-more\" href=\"https:\/\/austria-boston.com\/de\/open-austria-east\/\" rel=\"noopener noreferrer\"><span class=\"screen-reader-text\">Open Austria East <\/span>weiterlesen<\/a><\/div><\/li>\n<\/ul>","protected":false},"excerpt":{"rendered":"","protected":false},"author":2,"featured_media":0,"parent":0,"menu_order":0,"comment_status":"closed","ping_status":"closed","template":"","meta":{"footnotes":""},"class_list":["post-353","page","type-page","status-publish","hentry"],"yoast_head":"<!-- This site is optimized with the Yoast SEO plugin v27.6 - https:\/\/yoast.com\/product\/yoast-seo-wordpress\/ -->\n<title>News from the Consulate -<\/title>\n<meta name=\"robots\" content=\"index, follow, max-snippet:-1, max-image-preview:large, max-video-preview:-1\" \/>\n<link rel=\"canonical\" href=\"https:\/\/austria-boston.com\/de\/news\/\" \/>\n<meta property=\"og:locale\" content=\"de_DE\" \/>\n<meta property=\"og:type\" content=\"article\" \/>\n<meta property=\"og:title\" content=\"News from the Consulate -\" \/>\n<meta property=\"og:url\" content=\"https:\/\/austria-boston.com\/de\/news\/\" \/>\n<meta property=\"article:modified_time\" content=\"2025-02-01T05:23:46+00:00\" \/>\n<meta name=\"twitter:card\" content=\"summary_large_image\" \/>\n<script type=\"application\/ld+json\" class=\"yoast-schema-graph\">{\"@context\":\"https:\\\/\\\/schema.org\",\"@graph\":[{\"@type\":\"WebPage\",\"@id\":\"https:\\\/\\\/austria-boston.com\\\/news\\\/\",\"url\":\"https:\\\/\\\/austria-boston.com\\\/news\\\/\",\"name\":\"News from the Consulate -\",\"isPartOf\":{\"@id\":\"https:\\\/\\\/austria-boston.com\\\/#website\"},\"datePublished\":\"2025-02-01T05:10:34+00:00\",\"dateModified\":\"2025-02-01T05:23:46+00:00\",\"breadcrumb\":{\"@id\":\"https:\\\/\\\/austria-boston.com\\\/news\\\/#breadcrumb\"},\"inLanguage\":\"de-AT\",\"potentialAction\":[{\"@type\":\"ReadAction\",\"target\":[\"https:\\\/\\\/austria-boston.com\\\/news\\\/\"]}]},{\"@type\":\"BreadcrumbList\",\"@id\":\"https:\\\/\\\/austria-boston.com\\\/news\\\/#breadcrumb\",\"itemListElement\":[{\"@type\":\"ListItem\",\"position\":1,\"name\":\"Home\",\"item\":\"https:\\\/\\\/austria-boston.com\\\/\"},{\"@type\":\"ListItem\",\"position\":2,\"name\":\"News from the Consulate\"}]},{\"@type\":\"WebSite\",\"@id\":\"https:\\\/\\\/austria-boston.com\\\/#website\",\"url\":\"https:\\\/\\\/austria-boston.com\\\/\",\"name\":\"\",\"description\":\"\",\"potentialAction\":[{\"@type\":\"SearchAction\",\"target\":{\"@type\":\"EntryPoint\",\"urlTemplate\":\"https:\\\/\\\/austria-boston.com\\\/?s={search_term_string}\"},\"query-input\":{\"@type\":\"PropertyValueSpecification\",\"valueRequired\":true,\"valueName\":\"search_term_string\"}}],\"inLanguage\":\"de-AT\"}]}<\/script>\n<!-- \/ Yoast SEO plugin. -->","yoast_head_json":{"title":"News from the Consulate -","robots":{"index":"index","follow":"follow","max-snippet":"max-snippet:-1","max-image-preview":"max-image-preview:large","max-video-preview":"max-video-preview:-1"},"canonical":"https:\/\/austria-boston.com\/de\/news\/","og_locale":"de_DE","og_type":"article","og_title":"News from the Consulate -","og_url":"https:\/\/austria-boston.com\/de\/news\/","article_modified_time":"2025-02-01T05:23:46+00:00","twitter_card":"summary_large_image","schema":{"@context":"https:\/\/schema.org","@graph":[{"@type":"WebPage","@id":"https:\/\/austria-boston.com\/news\/","url":"https:\/\/austria-boston.com\/news\/","name":"News from the Consulate -","isPartOf":{"@id":"https:\/\/austria-boston.com\/#website"},"datePublished":"2025-02-01T05:10:34+00:00","dateModified":"2025-02-01T05:23:46+00:00","breadcrumb":{"@id":"https:\/\/austria-boston.com\/news\/#breadcrumb"},"inLanguage":"de-AT","potentialAction":[{"@type":"ReadAction","target":["https:\/\/austria-boston.com\/news\/"]}]},{"@type":"BreadcrumbList","@id":"https:\/\/austria-boston.com\/news\/#breadcrumb","itemListElement":[{"@type":"ListItem","position":1,"name":"Home","item":"https:\/\/austria-boston.com\/"},{"@type":"ListItem","position":2,"name":"News from the Consulate"}]},{"@type":"WebSite","@id":"https:\/\/austria-boston.com\/#website","url":"https:\/\/austria-boston.com\/","name":"","description":"","potentialAction":[{"@type":"SearchAction","target":{"@type":"EntryPoint","urlTemplate":"https:\/\/austria-boston.com\/?s={search_term_string}"},"query-input":{"@type":"PropertyValueSpecification","valueRequired":true,"valueName":"search_term_string"}}],"inLanguage":"de-AT"}]}},"_links":{"self":[{"href":"https:\/\/austria-boston.com\/de\/wp-json\/wp\/v2\/pages\/353","targetHints":{"allow":["GET"]}}],"collection":[{"href":"https:\/\/austria-boston.com\/de\/wp-json\/wp\/v2\/pages"}],"about":[{"href":"https:\/\/austria-boston.com\/de\/wp-json\/wp\/v2\/types\/page"}],"author":[{"embeddable":true,"href":"https:\/\/austria-boston.com\/de\/wp-json\/wp\/v2\/users\/2"}],"replies":[{"embeddable":true,"href":"https:\/\/austria-boston.com\/de\/wp-json\/wp\/v2\/comments?post=353"}],"version-history":[{"count":3,"href":"https:\/\/austria-boston.com\/de\/wp-json\/wp\/v2\/pages\/353\/revisions"}],"predecessor-version":[{"id":361,"href":"https:\/\/austria-boston.com\/de\/wp-json\/wp\/v2\/pages\/353\/revisions\/361"}],"wp:attachment":[{"href":"https:\/\/austria-boston.com\/de\/wp-json\/wp\/v2\/media?parent=353"}],"curies":[{"name":"wp","href":"https:\/\/api.w.org\/{rel}","templated":true}]}}