{"id":345,"date":"2025-02-01T05:04:45","date_gmt":"2025-02-01T05:04:45","guid":{"rendered":"https:\/\/website-d1ce0216.donners.com\/?page_id=345"},"modified":"2025-06-24T20:19:12","modified_gmt":"2025-06-24T20:19:12","slug":"team","status":"publish","type":"page","link":"https:\/\/austria-boston.com\/de\/team\/","title":{"rendered":"Our Team"},"content":{"rendered":"<div class=\"wp-block-columns is-layout-flex wp-container-core-columns-is-layout-28f84493 wp-block-columns-is-layout-flex\">\n<div class=\"wp-block-column is-layout-flow wp-block-column-is-layout-flow\" style=\"flex-basis:30%\">\n<figure class=\"wp-block-image alignright size-large is-resized has-custom-border is-style-rounded\"><img loading=\"lazy\" decoding=\"async\" width=\"1024\" height=\"768\" src=\"https:\/\/austria-boston.com\/wp-content\/uploads\/2025\/06\/PXL_20250208_1946409582-EDIT-1024x768.jpg\" alt=\"Honorary Consul Donner mountain biking in the snow\" class=\"wp-image-730\" style=\"border-radius:15px;width:299px;height:auto\" srcset=\"https:\/\/austria-boston.com\/wp-content\/uploads\/2025\/06\/PXL_20250208_1946409582-EDIT-1024x768.jpg 1024w, https:\/\/austria-boston.com\/wp-content\/uploads\/2025\/06\/PXL_20250208_1946409582-EDIT-300x225.jpg 300w, https:\/\/austria-boston.com\/wp-content\/uploads\/2025\/06\/PXL_20250208_1946409582-EDIT-768x576.jpg 768w, https:\/\/austria-boston.com\/wp-content\/uploads\/2025\/06\/PXL_20250208_1946409582-EDIT-1536x1152.jpg 1536w, https:\/\/austria-boston.com\/wp-content\/uploads\/2025\/06\/PXL_20250208_1946409582-EDIT-2048x1536.jpg 2048w, https:\/\/austria-boston.com\/wp-content\/uploads\/2025\/06\/PXL_20250208_1946409582-EDIT-16x12.jpg 16w\" sizes=\"auto, (max-width: 1024px) 100vw, 1024px\" \/><\/figure>\n<\/div>\n\n\n\n<div class=\"wp-block-column is-layout-flow wp-block-column-is-layout-flow\" style=\"flex-basis:50%\">\n<p><strong>Dipl.-Ing. Christian Donner, Honorarkonsul<\/strong><\/p>\n\n\n\n<p>Herr Donner ist geb\u00fcrtiger \u00d6sterreicher und \u00fcbersiedelte 1997 in die USA. 2025 er\u00f6ffnete er als Honorarkonsul das Konsulat in Boston.<br>Herr Donner ist hauptberuflich Softwareingenieur und Partner in einer Beratungsfirma in Boston, <a href=\"https:\/\/podconsulting.com\/\">pod consulting<\/a>. Wenn er nicht gerade mit Arbeit f\u00fcr pod oder das Konsulat eingedeckt ist, verbringt er seine Zeit ehrenamtlich am <a href=\"https:\/\/www.baycolonyrailtrail.org\/\">Bay Colony Rail Trail<\/a> , den er mitbegr\u00fcndet hat, oder er setzt sich f\u00fcr die Erhaltung von Gr\u00fcnfl\u00e4chen beim <a href=\"https:\/\/uppercharles.org\/about\/\">Upper Charles Conservation Land Trust<\/a>&nbsp;ein. Und wenn dann noch Zeit \u00fcbrig ist, findet man ihn auf seinem Mountainbike oder in den Laufschuhen auf Waldwegen rund um Medfield, oder er schraubt an seiner Harley.<\/p>\n<\/div>\n<\/div>\n\n\n\n<p><\/p>","protected":false},"excerpt":{"rendered":"<p>Christian Donner, Honorary Consul Mr. Donner is Austrian-born and moved to the US in 1997. He opened the consular post in 2025.In his day job, Mr. Donner is a software engineer and partner at a local boutique consulting firm, pod consulting. When not working for either pod or the consulate, he volunteers for the Bay [&hellip;]<\/p>\n","protected":false},"author":2,"featured_media":0,"parent":0,"menu_order":0,"comment_status":"closed","ping_status":"closed","template":"","meta":{"footnotes":""},"class_list":["post-345","page","type-page","status-publish","hentry"],"yoast_head":"<!-- This site is optimized with the Yoast SEO plugin v27.6 - https:\/\/yoast.com\/product\/yoast-seo-wordpress\/ -->\n<title>Our Team -<\/title>\n<meta name=\"robots\" content=\"index, follow, max-snippet:-1, max-image-preview:large, max-video-preview:-1\" \/>\n<link rel=\"canonical\" href=\"https:\/\/austria-boston.com\/de\/team\/\" \/>\n<meta property=\"og:locale\" content=\"de_DE\" \/>\n<meta property=\"og:type\" content=\"article\" \/>\n<meta property=\"og:title\" content=\"Our Team -\" \/>\n<meta property=\"og:description\" content=\"Christian Donner, Honorary Consul Mr. Donner is Austrian-born and moved to the US in 1997. He opened the consular post in 2025.In his day job, Mr. Donner is a software engineer and partner at a local boutique consulting firm, pod consulting. When not working for either pod or the consulate, he volunteers for the Bay [&hellip;]\" \/>\n<meta property=\"og:url\" content=\"https:\/\/austria-boston.com\/de\/team\/\" \/>\n<meta property=\"article:modified_time\" content=\"2025-06-24T20:19:12+00:00\" \/>\n<meta property=\"og:image\" content=\"https:\/\/austria-boston.com\/wp-content\/uploads\/2025\/06\/PXL_20250208_1946409582-EDIT.jpg\" \/>\n\t<meta property=\"og:image:width\" content=\"2560\" \/>\n\t<meta property=\"og:image:height\" content=\"1920\" \/>\n\t<meta property=\"og:image:type\" content=\"image\/jpeg\" \/>\n<meta name=\"twitter:card\" content=\"summary_large_image\" \/>\n<meta name=\"twitter:label1\" content=\"Gesch\u00e4tzte Lesezeit\" \/>\n\t<meta name=\"twitter:data1\" content=\"1 Minute\" \/>\n<script type=\"application\/ld+json\" class=\"yoast-schema-graph\">{\"@context\":\"https:\\\/\\\/schema.org\",\"@graph\":[{\"@type\":\"WebPage\",\"@id\":\"https:\\\/\\\/austria-boston.com\\\/team\\\/\",\"url\":\"https:\\\/\\\/austria-boston.com\\\/team\\\/\",\"name\":\"Our Team -\",\"isPartOf\":{\"@id\":\"https:\\\/\\\/austria-boston.com\\\/#website\"},\"primaryImageOfPage\":{\"@id\":\"https:\\\/\\\/austria-boston.com\\\/team\\\/#primaryimage\"},\"image\":{\"@id\":\"https:\\\/\\\/austria-boston.com\\\/team\\\/#primaryimage\"},\"thumbnailUrl\":\"https:\\\/\\\/austria-boston.com\\\/wp-content\\\/uploads\\\/2025\\\/06\\\/PXL_20250208_1946409582-EDIT-1024x768.jpg\",\"datePublished\":\"2025-02-01T05:04:45+00:00\",\"dateModified\":\"2025-06-24T20:19:12+00:00\",\"breadcrumb\":{\"@id\":\"https:\\\/\\\/austria-boston.com\\\/team\\\/#breadcrumb\"},\"inLanguage\":\"de-AT\",\"potentialAction\":[{\"@type\":\"ReadAction\",\"target\":[\"https:\\\/\\\/austria-boston.com\\\/team\\\/\"]}]},{\"@type\":\"ImageObject\",\"inLanguage\":\"de-AT\",\"@id\":\"https:\\\/\\\/austria-boston.com\\\/team\\\/#primaryimage\",\"url\":\"https:\\\/\\\/austria-boston.com\\\/wp-content\\\/uploads\\\/2025\\\/06\\\/PXL_20250208_1946409582-EDIT-1024x768.jpg\",\"contentUrl\":\"https:\\\/\\\/austria-boston.com\\\/wp-content\\\/uploads\\\/2025\\\/06\\\/PXL_20250208_1946409582-EDIT-1024x768.jpg\"},{\"@type\":\"BreadcrumbList\",\"@id\":\"https:\\\/\\\/austria-boston.com\\\/team\\\/#breadcrumb\",\"itemListElement\":[{\"@type\":\"ListItem\",\"position\":1,\"name\":\"Home\",\"item\":\"https:\\\/\\\/austria-boston.com\\\/\"},{\"@type\":\"ListItem\",\"position\":2,\"name\":\"Our Team\"}]},{\"@type\":\"WebSite\",\"@id\":\"https:\\\/\\\/austria-boston.com\\\/#website\",\"url\":\"https:\\\/\\\/austria-boston.com\\\/\",\"name\":\"\",\"description\":\"\",\"potentialAction\":[{\"@type\":\"SearchAction\",\"target\":{\"@type\":\"EntryPoint\",\"urlTemplate\":\"https:\\\/\\\/austria-boston.com\\\/?s={search_term_string}\"},\"query-input\":{\"@type\":\"PropertyValueSpecification\",\"valueRequired\":true,\"valueName\":\"search_term_string\"}}],\"inLanguage\":\"de-AT\"}]}<\/script>\n<!-- \/ Yoast SEO plugin. -->","yoast_head_json":{"title":"Our Team -","robots":{"index":"index","follow":"follow","max-snippet":"max-snippet:-1","max-image-preview":"max-image-preview:large","max-video-preview":"max-video-preview:-1"},"canonical":"https:\/\/austria-boston.com\/de\/team\/","og_locale":"de_DE","og_type":"article","og_title":"Our Team -","og_description":"Christian Donner, Honorary Consul Mr. Donner is Austrian-born and moved to the US in 1997. He opened the consular post in 2025.In his day job, Mr. Donner is a software engineer and partner at a local boutique consulting firm, pod consulting. When not working for either pod or the consulate, he volunteers for the Bay [&hellip;]","og_url":"https:\/\/austria-boston.com\/de\/team\/","article_modified_time":"2025-06-24T20:19:12+00:00","og_image":[{"width":2560,"height":1920,"url":"https:\/\/austria-boston.com\/wp-content\/uploads\/2025\/06\/PXL_20250208_1946409582-EDIT.jpg","type":"image\/jpeg"}],"twitter_card":"summary_large_image","twitter_misc":{"Gesch\u00e4tzte Lesezeit":"1 Minute"},"schema":{"@context":"https:\/\/schema.org","@graph":[{"@type":"WebPage","@id":"https:\/\/austria-boston.com\/team\/","url":"https:\/\/austria-boston.com\/team\/","name":"Our Team -","isPartOf":{"@id":"https:\/\/austria-boston.com\/#website"},"primaryImageOfPage":{"@id":"https:\/\/austria-boston.com\/team\/#primaryimage"},"image":{"@id":"https:\/\/austria-boston.com\/team\/#primaryimage"},"thumbnailUrl":"https:\/\/austria-boston.com\/wp-content\/uploads\/2025\/06\/PXL_20250208_1946409582-EDIT-1024x768.jpg","datePublished":"2025-02-01T05:04:45+00:00","dateModified":"2025-06-24T20:19:12+00:00","breadcrumb":{"@id":"https:\/\/austria-boston.com\/team\/#breadcrumb"},"inLanguage":"de-AT","potentialAction":[{"@type":"ReadAction","target":["https:\/\/austria-boston.com\/team\/"]}]},{"@type":"ImageObject","inLanguage":"de-AT","@id":"https:\/\/austria-boston.com\/team\/#primaryimage","url":"https:\/\/austria-boston.com\/wp-content\/uploads\/2025\/06\/PXL_20250208_1946409582-EDIT-1024x768.jpg","contentUrl":"https:\/\/austria-boston.com\/wp-content\/uploads\/2025\/06\/PXL_20250208_1946409582-EDIT-1024x768.jpg"},{"@type":"BreadcrumbList","@id":"https:\/\/austria-boston.com\/team\/#breadcrumb","itemListElement":[{"@type":"ListItem","position":1,"name":"Home","item":"https:\/\/austria-boston.com\/"},{"@type":"ListItem","position":2,"name":"Our Team"}]},{"@type":"WebSite","@id":"https:\/\/austria-boston.com\/#website","url":"https:\/\/austria-boston.com\/","name":"","description":"","potentialAction":[{"@type":"SearchAction","target":{"@type":"EntryPoint","urlTemplate":"https:\/\/austria-boston.com\/?s={search_term_string}"},"query-input":{"@type":"PropertyValueSpecification","valueRequired":true,"valueName":"search_term_string"}}],"inLanguage":"de-AT"}]}},"_links":{"self":[{"href":"https:\/\/austria-boston.com\/de\/wp-json\/wp\/v2\/pages\/345","targetHints":{"allow":["GET"]}}],"collection":[{"href":"https:\/\/austria-boston.com\/de\/wp-json\/wp\/v2\/pages"}],"about":[{"href":"https:\/\/austria-boston.com\/de\/wp-json\/wp\/v2\/types\/page"}],"author":[{"embeddable":true,"href":"https:\/\/austria-boston.com\/de\/wp-json\/wp\/v2\/users\/2"}],"replies":[{"embeddable":true,"href":"https:\/\/austria-boston.com\/de\/wp-json\/wp\/v2\/comments?post=345"}],"version-history":[{"count":3,"href":"https:\/\/austria-boston.com\/de\/wp-json\/wp\/v2\/pages\/345\/revisions"}],"predecessor-version":[{"id":732,"href":"https:\/\/austria-boston.com\/de\/wp-json\/wp\/v2\/pages\/345\/revisions\/732"}],"wp:attachment":[{"href":"https:\/\/austria-boston.com\/de\/wp-json\/wp\/v2\/media?parent=345"}],"curies":[{"name":"wp","href":"https:\/\/api.w.org\/{rel}","templated":true}]}}