{"id":3,"date":"2024-12-23T17:28:12","date_gmt":"2024-12-23T17:28:12","guid":{"rendered":"http:\/\/box2364\/cgi\/addon_GT.cgi?s=GT::WP::Install::Cpanel+%28donnersc%29+-+127.0.0.1+%5Bnocaller%5D\/?page_id=3"},"modified":"2024-12-30T19:43:33","modified_gmt":"2024-12-30T19:43:33","slug":"privacy-policy","status":"publish","type":"page","link":"https:\/\/austria-boston.com\/de\/privacy-policy\/","title":{"rendered":"Privacy Policy"},"content":{"rendered":"<h2 class=\"wp-block-heading\">Wer sind wir?<\/h2>\n\n\n\n<p class=\"\"><\/p>\n\n\n\n<p class=\"\">Das Office of Foreign Missions (OFM) des US Department of State hat die Errichtung des Konsulats in Medfield, MA und die Ernennung von Christian Donner als Honorarkonsul genehmigt, gem\u00e4\u00df Artikel 68 der Wiener Konvention \u00fcber Diplomatische Beziehungen. Unsere Webadresse ist https:\/\/austria-boston.com, unsere Postanschrift ist 92 Green Street, Medfield, MA 02052, und unsere Telefonnummer ist +1 (774)-322-2220.<\/p>\n\n\n\n<h2 class=\"wp-block-heading\">Webseitenbesucher<\/h2>\n\n\n\n<p class=\"\">Wenn Sie unsere Webseite besuchen, wird Ihre IP Adresse und die User Agent Kennung Ihres Browsers gespeichert. Wenn Sie mit bestimmten Elementen auf den Seiten interagieren, wie z.B. der Sprachauswahl, den Ikonen f\u00fcr verlinkte soziale Medien, oder dem Kontaktformular, wird auf Ihrem Endger\u00e4t ein sog. Cookie oder ein Eintrag im lokalen Browserspeicher abgespeichert. Diese Daten dienen ausschlie\u00dflich der Funktionalit\u00e4t unerer Webseiten.<\/p>\n\n\n\n<h2 class=\"wp-block-heading\">Eingebundene Inhalte von anderen Webseiten<\/h2>\n\n\n\n<p class=\"\">Unsere Webseiten enthalten m\u00f6glicherweise Inhalte von externen Quellen, wie z.B Videos, Textartikel, Programmcode, usw). Das Verhalten von solchen Inhalten in Bezug auf Ihre Privatsph\u00e4re k\u00f6nnen wir nicht beeinflussen.<\/p>\n\n\n\n<p class=\"\">Diese externen Webseiten k\u00f6nnen Daten \u00fcber Sie sammeln, Cookies setzen, Trackingcode von weiteren externen Diensten verwenden, und Ihre Interaktionen mit den eingebundenen Inhalten aufzeichnen, sofern Sie bei diesen Diensten ein Benutzerkonto haben und eingeloggt sind.<\/p>\n\n\n\n<h2 class=\"wp-block-heading\">Mit wem wir Ihre Daten teilen<\/h2>\n\n\n\n<p class=\"\">Ausser Ihrer IP Addresse und der Browserkennung zeichnen wir keine Daten \u00fcber Sie auf. Diese Daten werden von unserem Webhoster automatisch in Logdateien gespeichert. Wir teilen diese Logdateien mit niemandem, ausser wenn wir von den Beh\u00f6rden dazu aufgefordert werden. \nUnser Hostingprovider und dessen Server sind in den USA angesiedelt.<\/p>\n\n\n\n<h2 class=\"wp-block-heading\">Wie lange speichern wir Ihre Daten<\/h2>\n\n\n\n<p class=\"\">Logdateien auf unserem Server werden nicht regelm\u00e4ssig gel\u00f6scht und haben daher kein Ablaufdatum. <\/p>\n\n\n\n<h2 class=\"wp-block-heading\">Welche Rechte haben Sie \u00fcber Ihre Daten<\/h2>\n\n\n\n<p class=\"\">Auf Anforderung l\u00f6schen wir gerne alle Ihre pers\u00f6nlichen Daten wie Emails, sofern das Gesetz nicht eine bestimmte Aufbewahrungsfrist vorschreibt.<\/p>\n\n\n\n<h2 class=\"wp-block-heading\">Wohin Ihre Daten gelangen<\/h2>\n\n\n\n<p class=\"\">Emails, einschlie\u00dflich solche, die mittels Kontaktformular auf der Webseite gesendet werden, werden m\u00f6glicherweise von Anti-Spam Software auf unsererm Emailserver analysiert.<\/p>","protected":false},"excerpt":{"rendered":"<p>Who we are The Department of State\u2019s Office of Foreign Missions (OFM) approved the establishment of this consular post in Medfield, MA and the appointment of Christian Donner as an honorary consular officer, pursuant to Article 68 of the Vienna Convention on Consular Relations. Our website address is https:\/\/austria-boston.com, our mailing address is 92 Green [&hellip;]<\/p>\n","protected":false},"author":1,"featured_media":0,"parent":0,"menu_order":0,"comment_status":"closed","ping_status":"open","template":"","meta":{"footnotes":""},"class_list":["post-3","page","type-page","status-publish","hentry"],"yoast_head":"<!-- This site is optimized with the Yoast SEO plugin v27.6 - https:\/\/yoast.com\/product\/yoast-seo-wordpress\/ -->\n<title>Privacy Policy -<\/title>\n<meta name=\"robots\" content=\"index, follow, max-snippet:-1, max-image-preview:large, max-video-preview:-1\" \/>\n<link rel=\"canonical\" href=\"https:\/\/austria-boston.com\/de\/privacy-policy\/\" \/>\n<meta property=\"og:locale\" content=\"de_DE\" \/>\n<meta property=\"og:type\" content=\"article\" \/>\n<meta property=\"og:title\" content=\"Privacy Policy -\" \/>\n<meta property=\"og:description\" content=\"Who we are The Department of State\u2019s Office of Foreign Missions (OFM) approved the establishment of this consular post in Medfield, MA and the appointment of Christian Donner as an honorary consular officer, pursuant to Article 68 of the Vienna Convention on Consular Relations. Our website address is https:\/\/austria-boston.com, our mailing address is 92 Green [&hellip;]\" \/>\n<meta property=\"og:url\" content=\"https:\/\/austria-boston.com\/de\/privacy-policy\/\" \/>\n<meta property=\"article:modified_time\" content=\"2024-12-30T19:43:33+00:00\" \/>\n<meta name=\"twitter:card\" content=\"summary_large_image\" \/>\n<meta name=\"twitter:label1\" content=\"Gesch\u00e4tzte Lesezeit\" \/>\n\t<meta name=\"twitter:data1\" content=\"2 Minuten\" \/>\n<script type=\"application\/ld+json\" class=\"yoast-schema-graph\">{\"@context\":\"https:\\\/\\\/schema.org\",\"@graph\":[{\"@type\":\"WebPage\",\"@id\":\"https:\\\/\\\/austria-boston.com\\\/privacy-policy\\\/\",\"url\":\"https:\\\/\\\/austria-boston.com\\\/privacy-policy\\\/\",\"name\":\"Privacy Policy -\",\"isPartOf\":{\"@id\":\"https:\\\/\\\/austria-boston.com\\\/#website\"},\"datePublished\":\"2024-12-23T17:28:12+00:00\",\"dateModified\":\"2024-12-30T19:43:33+00:00\",\"breadcrumb\":{\"@id\":\"https:\\\/\\\/austria-boston.com\\\/privacy-policy\\\/#breadcrumb\"},\"inLanguage\":\"de-AT\",\"potentialAction\":[{\"@type\":\"ReadAction\",\"target\":[\"https:\\\/\\\/austria-boston.com\\\/privacy-policy\\\/\"]}]},{\"@type\":\"BreadcrumbList\",\"@id\":\"https:\\\/\\\/austria-boston.com\\\/privacy-policy\\\/#breadcrumb\",\"itemListElement\":[{\"@type\":\"ListItem\",\"position\":1,\"name\":\"Home\",\"item\":\"https:\\\/\\\/austria-boston.com\\\/\"},{\"@type\":\"ListItem\",\"position\":2,\"name\":\"Privacy Policy\"}]},{\"@type\":\"WebSite\",\"@id\":\"https:\\\/\\\/austria-boston.com\\\/#website\",\"url\":\"https:\\\/\\\/austria-boston.com\\\/\",\"name\":\"\",\"description\":\"\",\"potentialAction\":[{\"@type\":\"SearchAction\",\"target\":{\"@type\":\"EntryPoint\",\"urlTemplate\":\"https:\\\/\\\/austria-boston.com\\\/?s={search_term_string}\"},\"query-input\":{\"@type\":\"PropertyValueSpecification\",\"valueRequired\":true,\"valueName\":\"search_term_string\"}}],\"inLanguage\":\"de-AT\"}]}<\/script>\n<!-- \/ Yoast SEO plugin. -->","yoast_head_json":{"title":"Privacy Policy -","robots":{"index":"index","follow":"follow","max-snippet":"max-snippet:-1","max-image-preview":"max-image-preview:large","max-video-preview":"max-video-preview:-1"},"canonical":"https:\/\/austria-boston.com\/de\/privacy-policy\/","og_locale":"de_DE","og_type":"article","og_title":"Privacy Policy -","og_description":"Who we are The Department of State\u2019s Office of Foreign Missions (OFM) approved the establishment of this consular post in Medfield, MA and the appointment of Christian Donner as an honorary consular officer, pursuant to Article 68 of the Vienna Convention on Consular Relations. Our website address is https:\/\/austria-boston.com, our mailing address is 92 Green [&hellip;]","og_url":"https:\/\/austria-boston.com\/de\/privacy-policy\/","article_modified_time":"2024-12-30T19:43:33+00:00","twitter_card":"summary_large_image","twitter_misc":{"Gesch\u00e4tzte Lesezeit":"2 Minuten"},"schema":{"@context":"https:\/\/schema.org","@graph":[{"@type":"WebPage","@id":"https:\/\/austria-boston.com\/privacy-policy\/","url":"https:\/\/austria-boston.com\/privacy-policy\/","name":"Privacy Policy -","isPartOf":{"@id":"https:\/\/austria-boston.com\/#website"},"datePublished":"2024-12-23T17:28:12+00:00","dateModified":"2024-12-30T19:43:33+00:00","breadcrumb":{"@id":"https:\/\/austria-boston.com\/privacy-policy\/#breadcrumb"},"inLanguage":"de-AT","potentialAction":[{"@type":"ReadAction","target":["https:\/\/austria-boston.com\/privacy-policy\/"]}]},{"@type":"BreadcrumbList","@id":"https:\/\/austria-boston.com\/privacy-policy\/#breadcrumb","itemListElement":[{"@type":"ListItem","position":1,"name":"Home","item":"https:\/\/austria-boston.com\/"},{"@type":"ListItem","position":2,"name":"Privacy Policy"}]},{"@type":"WebSite","@id":"https:\/\/austria-boston.com\/#website","url":"https:\/\/austria-boston.com\/","name":"","description":"","potentialAction":[{"@type":"SearchAction","target":{"@type":"EntryPoint","urlTemplate":"https:\/\/austria-boston.com\/?s={search_term_string}"},"query-input":{"@type":"PropertyValueSpecification","valueRequired":true,"valueName":"search_term_string"}}],"inLanguage":"de-AT"}]}},"_links":{"self":[{"href":"https:\/\/austria-boston.com\/de\/wp-json\/wp\/v2\/pages\/3","targetHints":{"allow":["GET"]}}],"collection":[{"href":"https:\/\/austria-boston.com\/de\/wp-json\/wp\/v2\/pages"}],"about":[{"href":"https:\/\/austria-boston.com\/de\/wp-json\/wp\/v2\/types\/page"}],"author":[{"embeddable":true,"href":"https:\/\/austria-boston.com\/de\/wp-json\/wp\/v2\/users\/1"}],"replies":[{"embeddable":true,"href":"https:\/\/austria-boston.com\/de\/wp-json\/wp\/v2\/comments?post=3"}],"version-history":[{"count":2,"href":"https:\/\/austria-boston.com\/de\/wp-json\/wp\/v2\/pages\/3\/revisions"}],"predecessor-version":[{"id":144,"href":"https:\/\/austria-boston.com\/de\/wp-json\/wp\/v2\/pages\/3\/revisions\/144"}],"wp:attachment":[{"href":"https:\/\/austria-boston.com\/de\/wp-json\/wp\/v2\/media?parent=3"}],"curies":[{"name":"wp","href":"https:\/\/api.w.org\/{rel}","templated":true}]}}