{"id":147,"date":"2024-12-30T20:02:06","date_gmt":"2024-12-30T20:02:06","guid":{"rendered":"https:\/\/website-d1ce0216.donners.com\/?page_id=147"},"modified":"2024-12-30T20:02:09","modified_gmt":"2024-12-30T20:02:09","slug":"terms-and-conditions","status":"publish","type":"page","link":"https:\/\/austria-boston.com\/de\/terms-and-conditions\/","title":{"rendered":"Nutzungsbedingungen"},"content":{"rendered":"<p class=\"\">Alle Informationen auf dieser Webseite dienen der allgemeinen Information und sind keinesfalls rechtsverbindlich. Das Honorarkonsulat \u00fcbernimmt keine Haftung und bietet keine Garantien, da\u00df die Inhalte dieser Seiten, oder Inhalte, die \u00fcber die Webseite vermittelt werden, korrekt und vollst\u00e4ndig sind. Von diesen Inhalten sind keine impliziten oder expliziten Rechtsanspr\u00fcche abzuleiten.<\/p>","protected":false},"excerpt":{"rendered":"<p>Alle Informationen auf dieser Webseite dienen der allgemeinen Information und sind keinesfalls rechtsverbindlich. Das Honorarkonsulat \u00fcbernimmt keine Haftung und bietet keine Garantien, da\u00df die Inhalte dieser Seiten, oder Inhalte, die \u00fcber die Webseite vermittelt werden, korrekt und vollst\u00e4ndig sind. Von diesen Inhalten sind keine impliziten oder expliziten Rechtsanspr\u00fcche abzuleiten.<\/p>","protected":false},"author":2,"featured_media":0,"parent":0,"menu_order":0,"comment_status":"closed","ping_status":"closed","template":"","meta":{"footnotes":""},"class_list":["post-147","page","type-page","status-publish","hentry"],"yoast_head":"<!-- This site is optimized with the Yoast SEO plugin v27.6 - https:\/\/yoast.com\/product\/yoast-seo-wordpress\/ -->\n<title>Terms and Conditions -<\/title>\n<meta name=\"robots\" content=\"index, follow, max-snippet:-1, max-image-preview:large, max-video-preview:-1\" \/>\n<link rel=\"canonical\" href=\"https:\/\/austria-boston.com\/de\/terms-and-conditions\/\" \/>\n<meta property=\"og:locale\" content=\"de_DE\" \/>\n<meta property=\"og:type\" content=\"article\" \/>\n<meta property=\"og:title\" content=\"Terms and Conditions -\" \/>\n<meta property=\"og:description\" content=\"The information on the website of the Austrian Consulate is for general information purposes only. The Austrian Consulate does not make any warranty or representation concerning the accuracy or completeness of any information found on or exchanged through the system. No rights, implied or otherwise, can be derived from this information.\" \/>\n<meta property=\"og:url\" content=\"https:\/\/austria-boston.com\/de\/terms-and-conditions\/\" \/>\n<meta property=\"article:modified_time\" content=\"2024-12-30T20:02:09+00:00\" \/>\n<meta name=\"twitter:card\" content=\"summary_large_image\" \/>\n<meta name=\"twitter:label1\" content=\"Gesch\u00e4tzte Lesezeit\" \/>\n\t<meta name=\"twitter:data1\" content=\"1 Minute\" \/>\n<script type=\"application\/ld+json\" class=\"yoast-schema-graph\">{\"@context\":\"https:\\\/\\\/schema.org\",\"@graph\":[{\"@type\":\"WebPage\",\"@id\":\"https:\\\/\\\/austria-boston.com\\\/terms-and-conditions\\\/\",\"url\":\"https:\\\/\\\/austria-boston.com\\\/terms-and-conditions\\\/\",\"name\":\"Terms and Conditions -\",\"isPartOf\":{\"@id\":\"https:\\\/\\\/austria-boston.com\\\/#website\"},\"datePublished\":\"2024-12-30T20:02:06+00:00\",\"dateModified\":\"2024-12-30T20:02:09+00:00\",\"breadcrumb\":{\"@id\":\"https:\\\/\\\/austria-boston.com\\\/terms-and-conditions\\\/#breadcrumb\"},\"inLanguage\":\"de-AT\",\"potentialAction\":[{\"@type\":\"ReadAction\",\"target\":[\"https:\\\/\\\/austria-boston.com\\\/terms-and-conditions\\\/\"]}]},{\"@type\":\"BreadcrumbList\",\"@id\":\"https:\\\/\\\/austria-boston.com\\\/terms-and-conditions\\\/#breadcrumb\",\"itemListElement\":[{\"@type\":\"ListItem\",\"position\":1,\"name\":\"Home\",\"item\":\"https:\\\/\\\/austria-boston.com\\\/\"},{\"@type\":\"ListItem\",\"position\":2,\"name\":\"Terms and Conditions\"}]},{\"@type\":\"WebSite\",\"@id\":\"https:\\\/\\\/austria-boston.com\\\/#website\",\"url\":\"https:\\\/\\\/austria-boston.com\\\/\",\"name\":\"\",\"description\":\"\",\"potentialAction\":[{\"@type\":\"SearchAction\",\"target\":{\"@type\":\"EntryPoint\",\"urlTemplate\":\"https:\\\/\\\/austria-boston.com\\\/?s={search_term_string}\"},\"query-input\":{\"@type\":\"PropertyValueSpecification\",\"valueRequired\":true,\"valueName\":\"search_term_string\"}}],\"inLanguage\":\"de-AT\"}]}<\/script>\n<!-- \/ Yoast SEO plugin. -->","yoast_head_json":{"title":"Terms and Conditions -","robots":{"index":"index","follow":"follow","max-snippet":"max-snippet:-1","max-image-preview":"max-image-preview:large","max-video-preview":"max-video-preview:-1"},"canonical":"https:\/\/austria-boston.com\/de\/terms-and-conditions\/","og_locale":"de_DE","og_type":"article","og_title":"Terms and Conditions -","og_description":"The information on the website of the Austrian Consulate is for general information purposes only. The Austrian Consulate does not make any warranty or representation concerning the accuracy or completeness of any information found on or exchanged through the system. No rights, implied or otherwise, can be derived from this information.","og_url":"https:\/\/austria-boston.com\/de\/terms-and-conditions\/","article_modified_time":"2024-12-30T20:02:09+00:00","twitter_card":"summary_large_image","twitter_misc":{"Gesch\u00e4tzte Lesezeit":"1 Minute"},"schema":{"@context":"https:\/\/schema.org","@graph":[{"@type":"WebPage","@id":"https:\/\/austria-boston.com\/terms-and-conditions\/","url":"https:\/\/austria-boston.com\/terms-and-conditions\/","name":"Terms and Conditions -","isPartOf":{"@id":"https:\/\/austria-boston.com\/#website"},"datePublished":"2024-12-30T20:02:06+00:00","dateModified":"2024-12-30T20:02:09+00:00","breadcrumb":{"@id":"https:\/\/austria-boston.com\/terms-and-conditions\/#breadcrumb"},"inLanguage":"de-AT","potentialAction":[{"@type":"ReadAction","target":["https:\/\/austria-boston.com\/terms-and-conditions\/"]}]},{"@type":"BreadcrumbList","@id":"https:\/\/austria-boston.com\/terms-and-conditions\/#breadcrumb","itemListElement":[{"@type":"ListItem","position":1,"name":"Home","item":"https:\/\/austria-boston.com\/"},{"@type":"ListItem","position":2,"name":"Terms and Conditions"}]},{"@type":"WebSite","@id":"https:\/\/austria-boston.com\/#website","url":"https:\/\/austria-boston.com\/","name":"","description":"","potentialAction":[{"@type":"SearchAction","target":{"@type":"EntryPoint","urlTemplate":"https:\/\/austria-boston.com\/?s={search_term_string}"},"query-input":{"@type":"PropertyValueSpecification","valueRequired":true,"valueName":"search_term_string"}}],"inLanguage":"de-AT"}]}},"_links":{"self":[{"href":"https:\/\/austria-boston.com\/de\/wp-json\/wp\/v2\/pages\/147","targetHints":{"allow":["GET"]}}],"collection":[{"href":"https:\/\/austria-boston.com\/de\/wp-json\/wp\/v2\/pages"}],"about":[{"href":"https:\/\/austria-boston.com\/de\/wp-json\/wp\/v2\/types\/page"}],"author":[{"embeddable":true,"href":"https:\/\/austria-boston.com\/de\/wp-json\/wp\/v2\/users\/2"}],"replies":[{"embeddable":true,"href":"https:\/\/austria-boston.com\/de\/wp-json\/wp\/v2\/comments?post=147"}],"version-history":[{"count":1,"href":"https:\/\/austria-boston.com\/de\/wp-json\/wp\/v2\/pages\/147\/revisions"}],"predecessor-version":[{"id":148,"href":"https:\/\/austria-boston.com\/de\/wp-json\/wp\/v2\/pages\/147\/revisions\/148"}],"wp:attachment":[{"href":"https:\/\/austria-boston.com\/de\/wp-json\/wp\/v2\/media?parent=147"}],"curies":[{"name":"wp","href":"https:\/\/api.w.org\/{rel}","templated":true}]}}